{"id":6,"date":"2023-08-05T11:54:55","date_gmt":"2023-08-05T11:54:55","guid":{"rendered":"https:\/\/gold-goldschmuck-ankauf.de\/?page_id=6"},"modified":"2023-08-08T12:43:37","modified_gmt":"2023-08-08T12:43:37","slug":"startseite","status":"publish","type":"page","link":"https:\/\/gold-goldschmuck-ankauf.de\/","title":{"rendered":"Startseite"},"content":{"rendered":"<p><img decoding=\"async\" src=\"\/wp-content\/uploads\/photo-1583484370773-c1af4e528d5e-scaled.jpg\" alt=\"\"><\/p>\n<h1>Tipps und Tricks &#8211; darauf sollten Sie beim Edelmetallverkauf achten<\/h1>\n<div>Goldschmuck erfolgreich online verkaufen<\/div>\n<p><img decoding=\"async\" src=\"\/wp-content\/uploads\/photo-1611107683227-e9060eccd846-scaled.jpg\" alt=\"\"><\/p>\n<h2>Was Sie zu Hause schon vorbereiten k\u00f6nnen<\/h2>\n<div>\n<ul>\n<li>Schauen Sie (eventuell mit Lupe) nach Punzierungen. Es k\u00f6nnen sich beispielsweise folgende Stempel im Schmuck befinden: 333 oder 8 Karat, 585 oder 14 Karat, 750 oder 18 Karat<\/li>\n<li>Sortieren Sie Schmuck aus, den Sie vielleicht doch noch behalten m\u00f6chten<\/li>\n<li>Wiegen Sie den sortierten Schmuck schonmal auf der K\u00fcchenwaage\/Briefwaage<\/li>\n<\/ul>\n<\/div>\n<p><img decoding=\"async\" src=\"\/wp-content\/uploads\/photo-1588891825655-aa526b56f805-scaled.jpg\" alt=\"\"><\/p>\n<h2>So finden Sie den richtigen Ank\u00e4ufer<\/h2>\n<div>\n<p>Im Internet bieten zahlreiche Goldh\u00e4ndler Ihre Dienste an. Damit Sie einen wirklich seri\u00f6sen Online-Handler mit m\u00f6glichst hohen Gold Auzahlungspreisen finden, sollten Sie mit Ihren oben ermittelten Daten Goldpreise vergleichen.<\/p>\n<p>Hier k\u00f6nnen Sie diese in den Online Goldrechner einpflegen f\u00fcr einen ersten Anhaltspunkt:<\/p>\n<\/div>\n<p>\n    <a href=\"https:\/\/www.goldankauf-pro24.de\/goldrechner.html\">Goldrechner<\/a>\n<\/p>\n<p><img decoding=\"async\" src=\"\/wp-content\/uploads\/photo-1591523734723-877f96bd69b5-scaled.jpg\" alt=\"\"><\/p>\n<h2>Wie es weitergeht mit Ihrem Goldverkauf<\/h2>\n<div>\n<p>Nach der Bestimmung und Bewertung geht es mit folgenden Schritten weiter:<\/p>\n<ul>\n<li>Altgold versenden: Goldschmuck ab 1000 Euro kostenlos abholen lassen oder selbst versenden<\/li>\n<li>Ankaufsangebot: Ein Mitarbeiter analysiert und bewertet das Gold und unterbreitet Ihnen einen aktuellen Ankaufspreis<\/li>\n<li>Auzahlung: Wenn Sie mit dem Angebot zufrieden sind, wird Ihnen der Auszahlungsbetrag \u00fcberwiesen.<\/li>\n<\/ul>\n<\/div>\n<p><!--more--><br \/>\n<!-- {\"type\":\"layout\",\"children\":[{\"type\":\"section\",\"props\":{\"image_position\":\"center-center\",\"padding\":\"large\",\"style\":\"default\",\"title_breakpoint\":\"xl\",\"title_position\":\"top-left\",\"title_rotation\":\"left\",\"vertical_align\":\"middle\",\"width\":\"default\"},\"children\":[{\"type\":\"row\",\"props\":{\"margin\":\"xlarge\"},\"children\":[{\"type\":\"column\",\"props\":{\"image_position\":\"center-center\",\"position_sticky_breakpoint\":\"m\",\"width_medium\":\"1-1\"},\"children\":[{\"type\":\"image\",\"props\":{\"image\":\"wp-content\\\/uploads\\\/photo-1583484370773-c1af4e528d5e-scaled.jpg\",\"image_height\":\"800\",\"image_svg_color\":\"emphasis\",\"image_width\":\"2560\",\"margin\":\"default\",\"text_align\":\"center\"}},{\"type\":\"headline\",\"props\":{\"content\":\"Tipps und Tricks - darauf sollten Sie beim Edelmetallverkauf achten\",\"text_align\":\"center\",\"title_color\":\"muted\",\"title_element\":\"h1\",\"title_style\":\"h6\"}},{\"type\":\"headline\",\"props\":{\"content\":\"Goldschmuck erfolgreich online verkaufen\",\"margin\":\"default\",\"text_align\":\"center\",\"title_element\":\"div\",\"title_style\":\"h1\"}}]}]},{\"type\":\"row\",\"props\":{\"column_gap\":\"large\",\"layout\":\"1-2,1-2\",\"row_gap\":\"large\"},\"children\":[{\"type\":\"column\",\"props\":{\"image_position\":\"center-center\",\"position_sticky_breakpoint\":\"m\",\"vertical_align\":\"middle\",\"width_small\":\"1-2\"},\"children\":[{\"type\":\"image\",\"props\":{\"animation\":\"parallax\",\"image\":\"wp-content\\\/uploads\\\/photo-1611107683227-e9060eccd846-scaled.jpg\",\"image_svg_color\":\"emphasis\",\"image_width\":\"610\",\"margin\":\"default\",\"parallax_easing\":\"1\",\"parallax_y\":\"0,3vh\",\"text_align\":\"center\"}}]},{\"type\":\"column\",\"props\":{\"image_position\":\"center-center\",\"position_sticky_breakpoint\":\"m\",\"vertical_align\":\"middle\",\"width_small\":\"1-2\"},\"children\":[{\"type\":\"headline\",\"props\":{\"block_align\":\"center\",\"content\":\"Was Sie zu Hause schon vorbereiten k\\u00f6nnen\",\"maxwidth\":\"large\",\"text_align\":\"left\",\"text_align_breakpoint\":\"s\",\"text_align_fallback\":\"center\",\"title_element\":\"h2\",\"title_style\":\"h4\"}},{\"type\":\"text\",\"props\":{\"block_align\":\"center\",\"column_breakpoint\":\"m\",\"content\":\"\n\n<ul>\\n\n\n<li>Schauen Sie (eventuell mit Lupe) nach Punzierungen. Es k\\u00f6nnen sich beispielsweise folgende Stempel im Schmuck befinden: 333 oder 8 Karat, 585 oder 14 Karat, 750 oder 18 Karat<\\\/li>\\n\n\n<li>Sortieren Sie Schmuck aus, den Sie vielleicht doch noch behalten m\\u00f6chten<\\\/li>\\n\n\n<li>Wiegen Sie den sortierten Schmuck schonmal auf der K\\u00fcchenwaage\\\/Briefwaage<\\\/li>\\n<\\\/ul>\\n\n\n<p><\\\/p>\",\"margin\":\"medium\",\"maxwidth\":\"large\",\"maxwidth_breakpoint\":\"s\",\"text_align\":\"left\"}}]}]},{\"type\":\"row\",\"props\":{\"column_gap\":\"large\",\"layout\":\"1-2,1-2\",\"margin\":\"large\",\"row_gap\":\"large\"},\"children\":[{\"type\":\"column\",\"props\":{\"image_position\":\"center-center\",\"position_sticky_breakpoint\":\"m\",\"vertical_align\":\"middle\",\"width_small\":\"1-2\"},\"children\":[{\"type\":\"image\",\"props\":{\"animation\":\"parallax\",\"image\":\"wp-content\\\/uploads\\\/photo-1588891825655-aa526b56f805-scaled.jpg\",\"image_svg_color\":\"emphasis\",\"image_width\":\"620\",\"margin\":\"default\",\"parallax_easing\":\"1\",\"parallax_y\":\"0,3vh\",\"text_align\":\"center\"}}]},{\"type\":\"column\",\"props\":{\"image_position\":\"center-center\",\"order_first\":\"s\",\"position_sticky_breakpoint\":\"m\",\"vertical_align\":\"middle\",\"width_small\":\"1-2\"},\"children\":[{\"type\":\"headline\",\"props\":{\"block_align\":\"center\",\"content\":\"So finden Sie den richtigen Ank\\u00e4ufer\",\"maxwidth\":\"large\",\"text_align\":\"left\",\"text_align_breakpoint\":\"s\",\"text_align_fallback\":\"center\",\"title_element\":\"h2\",\"title_style\":\"h4\"}},{\"type\":\"text\",\"props\":{\"column_breakpoint\":\"m\",\"content\":\"\n\n<p>Im Internet bieten zahlreiche Goldh\\u00e4ndler Ihre Dienste an. Damit Sie einen wirklich seri\\u00f6sen Online-Handler mit m\\u00f6glichst hohen Gold Auzahlungspreisen finden, sollten Sie mit Ihren oben ermittelten Daten Goldpreise vergleichen.<\\\/p>\\n\n\n<p>Hier k\\u00f6nnen Sie diese in den Online Goldrechner einpflegen f\\u00fcr einen ersten Anhaltspunkt:<\\\/p>\",\"margin\":\"default\"}},{\"type\":\"button\",\"props\":{\"button_size\":\"large\",\"fullwidth\":true,\"grid_column_gap\":\"small\",\"grid_row_gap\":\"small\",\"margin\":\"default\"},\"children\":[{\"type\":\"button_item\",\"props\":{\"button_style\":\"primary\",\"content\":\"Goldrechner\",\"icon_align\":\"left\",\"link\":\"https:\\\/\\\/www.goldankauf-pro24.de\\\/goldrechner.html\"}}]}]}]},{\"type\":\"row\",\"props\":{\"column_gap\":\"large\",\"layout\":\"1-2,1-2\",\"row_gap\":\"large\"},\"children\":[{\"type\":\"column\",\"props\":{\"image_position\":\"center-center\",\"position_sticky_breakpoint\":\"m\",\"width_small\":\"1-2\"},\"children\":[{\"type\":\"image\",\"props\":{\"animation\":\"parallax\",\"image\":\"wp-content\\\/uploads\\\/photo-1591523734723-877f96bd69b5-scaled.jpg\",\"image_svg_color\":\"emphasis\",\"image_width\":\"620\",\"margin\":\"default\",\"parallax_easing\":\"1\",\"parallax_y\":\"0,-3vh\",\"text_align\":\"center\"}}]},{\"type\":\"column\",\"props\":{\"image_position\":\"center-center\",\"position_sticky_breakpoint\":\"m\",\"vertical_align\":\"middle\",\"width_small\":\"1-2\"},\"children\":[{\"type\":\"headline\",\"props\":{\"block_align\":\"center\",\"content\":\"Wie es weitergeht mit Ihrem Goldverkauf\",\"maxwidth\":\"large\",\"text_align\":\"left\",\"text_align_breakpoint\":\"s\",\"text_align_fallback\":\"center\",\"title_element\":\"h2\",\"title_style\":\"h4\"}},{\"type\":\"text\",\"props\":{\"block_align\":\"center\",\"column_breakpoint\":\"m\",\"content\":\"\n\n<p>Nach der Bestimmung und Bewertung geht es mit folgenden Schritten weiter:<\\\/p>\\n\n\n<ul>\\n\n\n<li>Altgold versenden: Goldschmuck ab 1000 Euro kostenlos abholen lassen oder selbst versenden<\\\/li>\\n\n\n<li>Ankaufsangebot: Ein Mitarbeiter analysiert und bewertet das Gold und unterbreitet Ihnen einen aktuellen Ankaufspreis<\\\/li>\\n\n\n<li>Auzahlung: Wenn Sie mit dem Angebot zufrieden sind, wird Ihnen der Auszahlungsbetrag \\u00fcberwiesen.<\\\/li>\\n<\\\/ul>\",\"margin\":\"medium\",\"maxwidth\":\"large\",\"maxwidth_breakpoint\":\"s\",\"text_align\":\"left\"}}]}]}],\"name\":\"About\"}],\"version\":\"4.0.8\"} --><\/p>\n","protected":false},"excerpt":{"rendered":"<p>Tipps und Tricks &#8211; darauf sollten Sie beim Edelmetallverkauf achten Goldschmuck erfolgreich online verkaufen Was Sie zu Hause schon vorbereiten k\u00f6nnen Schauen Sie (eventuell mit Lupe) nach Punzierungen. Es k\u00f6nnen sich beispielsweise folgende Stempel im Schmuck befinden: 333 oder 8 Karat, 585 oder 14 Karat, 750 oder 18 Karat Sortieren Sie Schmuck aus, den Sie [&hellip;]<\/p>\n","protected":false},"author":1,"featured_media":0,"parent":0,"menu_order":0,"comment_status":"closed","ping_status":"closed","template":"","meta":{"footnotes":""},"class_list":["post-6","page","type-page","status-publish","hentry"],"_links":{"self":[{"href":"https:\/\/gold-goldschmuck-ankauf.de\/index.php\/wp-json\/wp\/v2\/pages\/6","targetHints":{"allow":["GET"]}}],"collection":[{"href":"https:\/\/gold-goldschmuck-ankauf.de\/index.php\/wp-json\/wp\/v2\/pages"}],"about":[{"href":"https:\/\/gold-goldschmuck-ankauf.de\/index.php\/wp-json\/wp\/v2\/types\/page"}],"author":[{"embeddable":true,"href":"https:\/\/gold-goldschmuck-ankauf.de\/index.php\/wp-json\/wp\/v2\/users\/1"}],"replies":[{"embeddable":true,"href":"https:\/\/gold-goldschmuck-ankauf.de\/index.php\/wp-json\/wp\/v2\/comments?post=6"}],"version-history":[{"count":11,"href":"https:\/\/gold-goldschmuck-ankauf.de\/index.php\/wp-json\/wp\/v2\/pages\/6\/revisions"}],"predecessor-version":[{"id":54,"href":"https:\/\/gold-goldschmuck-ankauf.de\/index.php\/wp-json\/wp\/v2\/pages\/6\/revisions\/54"}],"wp:attachment":[{"href":"https:\/\/gold-goldschmuck-ankauf.de\/index.php\/wp-json\/wp\/v2\/media?parent=6"}],"curies":[{"name":"wp","href":"https:\/\/api.w.org\/{rel}","templated":true}]}}